{"id":372,"date":"2025-01-14T12:47:36","date_gmt":"2025-01-14T12:47:36","guid":{"rendered":"https:\/\/fr.zm.cmda.co.za\/?page_id=372"},"modified":"2025-02-10T14:33:34","modified_gmt":"2025-02-10T14:33:34","slug":"nos-services","status":"publish","type":"page","link":"https:\/\/zmbusiness.com\/fr\/nos-services\/","title":{"rendered":"Nos Services"},"content":{"rendered":"\t\t<div data-elementor-type=\"wp-page\" data-elementor-id=\"372\" class=\"elementor elementor-372\" data-elementor-post-type=\"page\">\n\t\t\t\t<div class=\"elementor-element elementor-element-d4cb18e e-flex e-con-boxed e-con e-parent\" data-id=\"d4cb18e\" data-element_type=\"container\" data-e-type=\"container\" data-settings=\"{&quot;background_background&quot;:&quot;classic&quot;}\">\n\t\t\t\t\t<div class=\"e-con-inner\">\n\t\t<div class=\"elementor-element elementor-element-5c9bc35 e-flex e-con-boxed e-con e-child\" data-id=\"5c9bc35\" data-element_type=\"container\" data-e-type=\"container\">\n\t\t\t\t\t<div class=\"e-con-inner\">\n\t\t\t\t<div class=\"elementor-element elementor-element-0aaa404 elementor-widget elementor-widget-heading\" data-id=\"0aaa404\" data-element_type=\"widget\" data-e-type=\"widget\" data-widget_type=\"heading.default\">\n\t\t\t\t<div class=\"elementor-widget-container\">\n\t\t\t\t\t<h1 class=\"elementor-heading-title elementor-size-default\">Nos Services<\/h1>\t\t\t\t<\/div>\n\t\t\t\t<\/div>\n\t\t\t\t\t<\/div>\n\t\t\t\t<\/div>\n\t\t\t\t\t<\/div>\n\t\t\t\t<\/div>\n\t\t<div class=\"elementor-element elementor-element-7669fe0 e-flex e-con-boxed e-con e-parent\" data-id=\"7669fe0\" data-element_type=\"container\" data-e-type=\"container\">\n\t\t\t\t\t<div class=\"e-con-inner\">\n\t\t<div class=\"elementor-element elementor-element-5995297 e-con-full e-flex e-con e-child\" data-id=\"5995297\" data-element_type=\"container\" data-e-type=\"container\">\n\t\t<div class=\"elementor-element elementor-element-c64432e e-con-full e-flex e-con e-child\" data-id=\"c64432e\" data-element_type=\"container\" data-e-type=\"container\">\n\t\t\t\t<div class=\"elementor-element elementor-element-b1451c4 elementor-widget elementor-widget-text-editor\" data-id=\"b1451c4\" data-element_type=\"widget\" data-e-type=\"widget\" data-widget_type=\"text-editor.default\">\n\t\t\t\t<div class=\"elementor-widget-container\">\n\t\t\t\t\t\t\t\t\t<p><span lang=\"FR\">LE VRAI SERVICE AVEC DE VRAIES SOLUTIONS<i>\u00a0<\/i><\/span><\/p>\t\t\t\t\t\t\t\t<\/div>\n\t\t\t\t<\/div>\n\t\t\t\t<div class=\"elementor-element elementor-element-82267a7 elementor-widget elementor-widget-heading\" data-id=\"82267a7\" data-element_type=\"widget\" data-e-type=\"widget\" data-widget_type=\"heading.default\">\n\t\t\t\t<div class=\"elementor-widget-container\">\n\t\t\t\t\t<h2 class=\"elementor-heading-title elementor-size-default\">Le service de logistique et de livraison le plus fiable<\/h2>\t\t\t\t<\/div>\n\t\t\t\t<\/div>\n\t\t\t\t<\/div>\n\t\t<div class=\"elementor-element elementor-element-fb27c36 e-con-full e-flex e-con e-child\" data-id=\"fb27c36\" data-element_type=\"container\" data-e-type=\"container\">\n\t\t\t\t<div class=\"elementor-element elementor-element-c0ba34c elementor-widget elementor-widget-text-editor\" data-id=\"c0ba34c\" data-element_type=\"widget\" data-e-type=\"widget\" data-widget_type=\"text-editor.default\">\n\t\t\t\t<div class=\"elementor-widget-container\">\n\t\t\t\t\t\t\t\t\t<p style=\"font-weight: 400;\">Jetez un coup d&#8217;\u0153il \u00e0 nos diff\u00e9rents services et voyez comment nous pouvons vous aider, vous ou votre entreprise. Des diff\u00e9rentes solutions de transport de marchandises aux options d&#8217;entreposage et de stockage, nous avons tout ce qu&#8217;il vous faut!<\/p>\t\t\t\t\t\t\t\t<\/div>\n\t\t\t\t<\/div>\n\t\t\t\t<\/div>\n\t\t\t\t<\/div>\n\t\t\t\t\t<\/div>\n\t\t\t\t<\/div>\n\t\t<div class=\"elementor-element elementor-element-77479ea e-flex e-con-boxed e-con e-parent\" data-id=\"77479ea\" data-element_type=\"container\" data-e-type=\"container\">\n\t\t\t\t\t<div class=\"e-con-inner\">\n\t\t<div class=\"elementor-element elementor-element-5944686 e-con-full e-flex e-con e-child\" data-id=\"5944686\" data-element_type=\"container\" data-e-type=\"container\">\n\t\t\t\t<div class=\"elementor-element elementor-element-15bd870 elementor-widget elementor-widget-image\" data-id=\"15bd870\" data-element_type=\"widget\" data-e-type=\"widget\" data-widget_type=\"image.default\">\n\t\t\t\t<div class=\"elementor-widget-container\">\n\t\t\t\t\t\t\t\t\t\t\t\t\t\t\t<img fetchpriority=\"high\" decoding=\"async\" width=\"1800\" height=\"1200\" src=\"https:\/\/zmbusiness.com\/fr\/wp-content\/uploads\/2025\/01\/freight-road.jpg\" class=\"attachment-full size-full wp-image-384\" alt=\"\" srcset=\"https:\/\/zmbusiness.com\/fr\/wp-content\/uploads\/2025\/01\/freight-road.jpg 1800w, https:\/\/zmbusiness.com\/fr\/wp-content\/uploads\/2025\/01\/freight-road-300x200.jpg 300w, https:\/\/zmbusiness.com\/fr\/wp-content\/uploads\/2025\/01\/freight-road-1024x683.jpg 1024w, https:\/\/zmbusiness.com\/fr\/wp-content\/uploads\/2025\/01\/freight-road-768x512.jpg 768w, https:\/\/zmbusiness.com\/fr\/wp-content\/uploads\/2025\/01\/freight-road-1536x1024.jpg 1536w\" sizes=\"(max-width: 1800px) 100vw, 1800px\" \/>\t\t\t\t\t\t\t\t\t\t\t\t\t\t\t<\/div>\n\t\t\t\t<\/div>\n\t\t\t\t<\/div>\n\t\t<div class=\"elementor-element elementor-element-41b58f2 e-con-full e-flex e-con e-child\" data-id=\"41b58f2\" data-element_type=\"container\" data-e-type=\"container\">\n\t\t\t\t<div class=\"elementor-element elementor-element-1b99120 elementor-widget elementor-widget-heading\" data-id=\"1b99120\" data-element_type=\"widget\" data-e-type=\"widget\" data-widget_type=\"heading.default\">\n\t\t\t\t<div class=\"elementor-widget-container\">\n\t\t\t\t\t<h3 class=\"elementor-heading-title elementor-size-default\">Fret Routier<\/h3>\t\t\t\t<\/div>\n\t\t\t\t<\/div>\n\t\t\t\t<div class=\"elementor-element elementor-element-4b509bb elementor-widget elementor-widget-text-editor\" data-id=\"4b509bb\" data-element_type=\"widget\" data-e-type=\"widget\" data-widget_type=\"text-editor.default\">\n\t\t\t\t<div class=\"elementor-widget-container\">\n\t\t\t\t\t\t\t\t\t<p style=\"font-weight: 400;\">Gr\u00e2ce \u00e0 notre \u00e9quipe d&#8217;agents amicaux, professionnels et toujours disponibles, vos marchandises sont charg\u00e9es et d\u00e9charg\u00e9es en un temps record. De plus, vous pouvez maintenant suivre en temps r\u00e9el nos camions tout <span style=\"color: #000000;\"><a style=\"color: #000000;\" href=\"https:\/\/zmbusiness.com\/fr\/suivre-mon-cargo\/\">au long de leur voyage.<\/a><\/span><\/p><p style=\"font-weight: 400;\">Le transport routier est l&#8217;une de nos principales solutions de transport. Afin de pouvoir rester r\u00e9actifs face \u00e0 toutes perturbations sur les routes, nous utilisons plusieurs itin\u00e9raires entre la RDC et la RSA.<\/p><p style=\"font-weight: 400;\"><strong>Le saviez-vous ?<\/strong> Le fret routier est l&#8217;une des formes de transport les moins laborieuses au niveau administratif pour nos clients car c\u2019est le\u00a0mode de transport qui n\u00e9cessite le moins de documents de voyage. Chez ZM Business Solutions, le fret routier est assur\u00e9 par notre propre flotte de camions ce qui le rend tr\u00e8s fiable et tr\u00e8s rapide en termes de d\u00e9douanement transfrontalier.<\/p>\t\t\t\t\t\t\t\t<\/div>\n\t\t\t\t<\/div>\n\t\t\t\t<\/div>\n\t\t\t\t\t<\/div>\n\t\t\t\t<\/div>\n\t\t<div class=\"elementor-element elementor-element-b82cc19 e-flex e-con-boxed e-con e-parent\" data-id=\"b82cc19\" data-element_type=\"container\" data-e-type=\"container\">\n\t\t\t\t\t<div class=\"e-con-inner\">\n\t\t<div class=\"elementor-element elementor-element-d1052bb e-con-full e-flex e-con e-child\" data-id=\"d1052bb\" data-element_type=\"container\" data-e-type=\"container\">\n\t\t\t\t<div class=\"elementor-element elementor-element-3107bf2 elementor-widget elementor-widget-heading\" data-id=\"3107bf2\" data-element_type=\"widget\" data-e-type=\"widget\" data-widget_type=\"heading.default\">\n\t\t\t\t<div class=\"elementor-widget-container\">\n\t\t\t\t\t<h3 class=\"elementor-heading-title elementor-size-default\">Fret A\u00e9rien<\/h3>\t\t\t\t<\/div>\n\t\t\t\t<\/div>\n\t\t\t\t<div class=\"elementor-element elementor-element-da1071d elementor-widget elementor-widget-text-editor\" data-id=\"da1071d\" data-element_type=\"widget\" data-e-type=\"widget\" data-widget_type=\"text-editor.default\">\n\t\t\t\t<div class=\"elementor-widget-container\">\n\t\t\t\t\t\t\t\t\t<p style=\"font-weight: 400;\">Vous recherchez une solution de transport rapide ? Optez pour le service de transport a\u00e9rien. Notre partenariat avec d&#8217;excellents transporteurs garantissent la s\u00e9curit\u00e9 du transport de vos marchandises.<\/p><p style=\"font-weight: 400;\">Outre, le fait qu&#8217;il s&#8217;agit en moyenne du mode de transport le plus rapide, le fret a\u00e9rien permet \u00e9galement un timing pr\u00e9cis gr\u00e2ce \u00e0 la fiabilit\u00e9 des arriv\u00e9es et des d\u00e9parts d\u2019avions.<\/p><p style=\"font-weight: 400;\"><strong>Le saviez-vous ?<\/strong> Le fret a\u00e9rien compte parmi les\u00a0modes de transport les plus s\u00fbrs, car les marchandises doivent \u00eatre d\u00e9pos\u00e9es et d\u00e9douan\u00e9es dans les a\u00e9roports, qui comptent parmi les sites de transport les mieux s\u00e9curis\u00e9s et o\u00f9 des contr\u00f4les rigoureux sont effectu\u00e9s tout au long du processus.<\/p>\t\t\t\t\t\t\t\t<\/div>\n\t\t\t\t<\/div>\n\t\t\t\t<\/div>\n\t\t<div class=\"elementor-element elementor-element-3025bb0 e-con-full e-flex e-con e-child\" data-id=\"3025bb0\" data-element_type=\"container\" data-e-type=\"container\">\n\t\t\t\t<div class=\"elementor-element elementor-element-86b2f6c elementor-widget elementor-widget-image\" data-id=\"86b2f6c\" data-element_type=\"widget\" data-e-type=\"widget\" data-widget_type=\"image.default\">\n\t\t\t\t<div class=\"elementor-widget-container\">\n\t\t\t\t\t\t\t\t\t\t\t\t\t\t\t<img decoding=\"async\" width=\"2560\" height=\"1707\" src=\"https:\/\/zmbusiness.com\/fr\/wp-content\/uploads\/2025\/01\/loading-to-the-aircraft-2023-11-27-05-33-52-utc-scaled.jpg\" class=\"attachment-full size-full wp-image-44\" alt=\"\" srcset=\"https:\/\/zmbusiness.com\/fr\/wp-content\/uploads\/2025\/01\/loading-to-the-aircraft-2023-11-27-05-33-52-utc-scaled.jpg 2560w, https:\/\/zmbusiness.com\/fr\/wp-content\/uploads\/2025\/01\/loading-to-the-aircraft-2023-11-27-05-33-52-utc-300x200.jpg 300w, https:\/\/zmbusiness.com\/fr\/wp-content\/uploads\/2025\/01\/loading-to-the-aircraft-2023-11-27-05-33-52-utc-1024x683.jpg 1024w, https:\/\/zmbusiness.com\/fr\/wp-content\/uploads\/2025\/01\/loading-to-the-aircraft-2023-11-27-05-33-52-utc-768x512.jpg 768w, https:\/\/zmbusiness.com\/fr\/wp-content\/uploads\/2025\/01\/loading-to-the-aircraft-2023-11-27-05-33-52-utc-1536x1024.jpg 1536w, https:\/\/zmbusiness.com\/fr\/wp-content\/uploads\/2025\/01\/loading-to-the-aircraft-2023-11-27-05-33-52-utc-2048x1365.jpg 2048w\" sizes=\"(max-width: 2560px) 100vw, 2560px\" \/>\t\t\t\t\t\t\t\t\t\t\t\t\t\t\t<\/div>\n\t\t\t\t<\/div>\n\t\t\t\t<\/div>\n\t\t\t\t\t<\/div>\n\t\t\t\t<\/div>\n\t\t<div class=\"elementor-element elementor-element-5380e99 e-flex e-con-boxed e-con e-parent\" data-id=\"5380e99\" data-element_type=\"container\" data-e-type=\"container\">\n\t\t\t\t\t<div class=\"e-con-inner\">\n\t\t<div class=\"elementor-element elementor-element-2d69e4b e-con-full e-flex e-con e-child\" data-id=\"2d69e4b\" data-element_type=\"container\" data-e-type=\"container\">\n\t\t\t\t<div class=\"elementor-element elementor-element-819f147 elementor-widget elementor-widget-image\" data-id=\"819f147\" data-element_type=\"widget\" data-e-type=\"widget\" data-widget_type=\"image.default\">\n\t\t\t\t<div class=\"elementor-widget-container\">\n\t\t\t\t\t\t\t\t\t\t\t\t\t\t\t<img decoding=\"async\" width=\"2000\" height=\"1124\" src=\"https:\/\/zmbusiness.com\/fr\/wp-content\/uploads\/2025\/01\/aerial-top-view-container-cargo-ship-in-import-exp-2023-11-27-05-28-04-utc.jpg\" class=\"attachment-full size-full wp-image-385\" alt=\"\" srcset=\"https:\/\/zmbusiness.com\/fr\/wp-content\/uploads\/2025\/01\/aerial-top-view-container-cargo-ship-in-import-exp-2023-11-27-05-28-04-utc.jpg 2000w, https:\/\/zmbusiness.com\/fr\/wp-content\/uploads\/2025\/01\/aerial-top-view-container-cargo-ship-in-import-exp-2023-11-27-05-28-04-utc-300x169.jpg 300w, https:\/\/zmbusiness.com\/fr\/wp-content\/uploads\/2025\/01\/aerial-top-view-container-cargo-ship-in-import-exp-2023-11-27-05-28-04-utc-1024x575.jpg 1024w, https:\/\/zmbusiness.com\/fr\/wp-content\/uploads\/2025\/01\/aerial-top-view-container-cargo-ship-in-import-exp-2023-11-27-05-28-04-utc-768x432.jpg 768w, https:\/\/zmbusiness.com\/fr\/wp-content\/uploads\/2025\/01\/aerial-top-view-container-cargo-ship-in-import-exp-2023-11-27-05-28-04-utc-1536x863.jpg 1536w\" sizes=\"(max-width: 2000px) 100vw, 2000px\" \/>\t\t\t\t\t\t\t\t\t\t\t\t\t\t\t<\/div>\n\t\t\t\t<\/div>\n\t\t\t\t<\/div>\n\t\t<div class=\"elementor-element elementor-element-f331ec8 e-con-full e-flex e-con e-child\" data-id=\"f331ec8\" data-element_type=\"container\" data-e-type=\"container\">\n\t\t\t\t<div class=\"elementor-element elementor-element-c31cff5 elementor-widget elementor-widget-heading\" data-id=\"c31cff5\" data-element_type=\"widget\" data-e-type=\"widget\" data-widget_type=\"heading.default\">\n\t\t\t\t<div class=\"elementor-widget-container\">\n\t\t\t\t\t<h3 class=\"elementor-heading-title elementor-size-default\">Fret Maritime<\/h3>\t\t\t\t<\/div>\n\t\t\t\t<\/div>\n\t\t\t\t<div class=\"elementor-element elementor-element-8746a37 elementor-widget elementor-widget-text-editor\" data-id=\"8746a37\" data-element_type=\"widget\" data-e-type=\"widget\" data-widget_type=\"text-editor.default\">\n\t\t\t\t<div class=\"elementor-widget-container\">\n\t\t\t\t\t\t\t\t\t<p style=\"font-weight: 400;\">Vous souhaitez transporter une cargaison importante, n\u00e9cessitant potentiellement un conteneur? Notre service de fret maritime est la solution de transport la plus rentable pour acheminer en une seule fois toute votre cargaison.<\/p><p style=\"font-weight: 400;\">Ce mode de transport est l&#8217;un des meilleurs pour l&#8217;exp\u00e9dition d&#8217;une grande vari\u00e9t\u00e9 de marchandises, petites et grandes. Les conteneurs d&#8217;exp\u00e9dition permettent de transporter de grandes quantit\u00e9s de marchandises, qu&#8217;elles soient commerciales ou industrielles.<\/p><p style=\"font-weight: 400;\"><strong>Le saviez-vous ?<\/strong> Pour les gros volumes, le fret maritime permet de r\u00e9aliser une \u00e9conomie d&#8217;\u00e9chelle et c&#8217;est le mode de transport le plus respectueux de l&#8217;environnement.<\/p>\t\t\t\t\t\t\t\t<\/div>\n\t\t\t\t<\/div>\n\t\t\t\t<\/div>\n\t\t\t\t\t<\/div>\n\t\t\t\t<\/div>\n\t\t<div class=\"elementor-element elementor-element-1290f99 e-flex e-con-boxed e-con e-parent\" data-id=\"1290f99\" data-element_type=\"container\" data-e-type=\"container\">\n\t\t\t\t\t<div class=\"e-con-inner\">\n\t\t<div class=\"elementor-element elementor-element-2d2c4aa e-con-full e-flex e-con e-child\" data-id=\"2d2c4aa\" data-element_type=\"container\" data-e-type=\"container\">\n\t\t\t\t<div class=\"elementor-element elementor-element-0a09263 elementor-widget elementor-widget-heading\" data-id=\"0a09263\" data-element_type=\"widget\" data-e-type=\"widget\" data-widget_type=\"heading.default\">\n\t\t\t\t<div class=\"elementor-widget-container\">\n\t\t\t\t\t<h3 class=\"elementor-heading-title elementor-size-default\">Gestion logistique et d\u00e9douanement<\/h3>\t\t\t\t<\/div>\n\t\t\t\t<\/div>\n\t\t\t\t<div class=\"elementor-element elementor-element-567b1f3 elementor-widget elementor-widget-text-editor\" data-id=\"567b1f3\" data-element_type=\"widget\" data-e-type=\"widget\" data-widget_type=\"text-editor.default\">\n\t\t\t\t<div class=\"elementor-widget-container\">\n\t\t\t\t\t\t\t\t\t<p style=\"font-weight: 400;\">Vous cherchez un transitaire qui puisse s&#8217;occuper de la logistique et des relations avec les transporteurs lors de leur acheminement d&#8217;un point A \u00e0 un point B ? Laissez-nous nous occuper de tous vos besoins en mati\u00e8re d&#8217;exp\u00e9dition de fret et de d\u00e9douanement (et de toute la paperasserie).<\/p><p style=\"font-weight: 400;\"><strong>Le saviez-vous ?<\/strong> En rapport avec l\u2019exp\u00e9dition de fret, il existe plusieurs types de mouvements : Porte-\u00e0-porte, porte-\u00e0-port, port \u00e0 porte et port \u00e0 port. Les deux principaux types de transport sont : le porte \u00e0 porte: les marchandises sont enlev\u00e9es par le transitaire dans les locaux de l&#8217;exp\u00e9diteur et d\u00e9pos\u00e9es dans les locaux du destinataire. Port \u00e0 port: les marchandises sont simplement transf\u00e9r\u00e9es de la plate-forme de l&#8217;exp\u00e9diteur (a\u00e9roport ou port maritime, par exemple) \u00e0 celle du destinataire.<\/p>\t\t\t\t\t\t\t\t<\/div>\n\t\t\t\t<\/div>\n\t\t\t\t<\/div>\n\t\t<div class=\"elementor-element elementor-element-7588f07 e-con-full e-flex e-con e-child\" data-id=\"7588f07\" data-element_type=\"container\" data-e-type=\"container\">\n\t\t\t\t<div class=\"elementor-element elementor-element-5f0cca3 elementor-widget elementor-widget-image\" data-id=\"5f0cca3\" data-element_type=\"widget\" data-e-type=\"widget\" data-widget_type=\"image.default\">\n\t\t\t\t<div class=\"elementor-widget-container\">\n\t\t\t\t\t\t\t\t\t\t\t\t\t\t\t<img loading=\"lazy\" decoding=\"async\" width=\"1000\" height=\"667\" src=\"https:\/\/zmbusiness.com\/fr\/wp-content\/uploads\/2025\/01\/air-freight-forwarding-2.jpg\" class=\"attachment-full size-full wp-image-388\" alt=\"\" srcset=\"https:\/\/zmbusiness.com\/fr\/wp-content\/uploads\/2025\/01\/air-freight-forwarding-2.jpg 1000w, https:\/\/zmbusiness.com\/fr\/wp-content\/uploads\/2025\/01\/air-freight-forwarding-2-300x200.jpg 300w, https:\/\/zmbusiness.com\/fr\/wp-content\/uploads\/2025\/01\/air-freight-forwarding-2-768x512.jpg 768w\" sizes=\"(max-width: 1000px) 100vw, 1000px\" \/>\t\t\t\t\t\t\t\t\t\t\t\t\t\t\t<\/div>\n\t\t\t\t<\/div>\n\t\t\t\t<\/div>\n\t\t\t\t\t<\/div>\n\t\t\t\t<\/div>\n\t\t<div class=\"elementor-element elementor-element-5482c78 e-flex e-con-boxed e-con e-parent\" data-id=\"5482c78\" data-element_type=\"container\" data-e-type=\"container\">\n\t\t\t\t\t<div class=\"e-con-inner\">\n\t\t<div class=\"elementor-element elementor-element-aae9bcd e-con-full e-flex e-con e-child\" data-id=\"aae9bcd\" data-element_type=\"container\" data-e-type=\"container\">\n\t\t\t\t<div class=\"elementor-element elementor-element-9d40309 elementor-widget elementor-widget-image\" data-id=\"9d40309\" data-element_type=\"widget\" data-e-type=\"widget\" data-widget_type=\"image.default\">\n\t\t\t\t<div class=\"elementor-widget-container\">\n\t\t\t\t\t\t\t\t\t\t\t\t\t\t\t<img loading=\"lazy\" decoding=\"async\" width=\"2000\" height=\"1333\" src=\"https:\/\/zmbusiness.com\/fr\/wp-content\/uploads\/2025\/01\/huge-distribution-warehouse-with-high-shelves-vie-2024-10-31-02-21-04-utc.jpg\" class=\"attachment-full size-full wp-image-386\" alt=\"\" srcset=\"https:\/\/zmbusiness.com\/fr\/wp-content\/uploads\/2025\/01\/huge-distribution-warehouse-with-high-shelves-vie-2024-10-31-02-21-04-utc.jpg 2000w, https:\/\/zmbusiness.com\/fr\/wp-content\/uploads\/2025\/01\/huge-distribution-warehouse-with-high-shelves-vie-2024-10-31-02-21-04-utc-300x200.jpg 300w, https:\/\/zmbusiness.com\/fr\/wp-content\/uploads\/2025\/01\/huge-distribution-warehouse-with-high-shelves-vie-2024-10-31-02-21-04-utc-1024x682.jpg 1024w, https:\/\/zmbusiness.com\/fr\/wp-content\/uploads\/2025\/01\/huge-distribution-warehouse-with-high-shelves-vie-2024-10-31-02-21-04-utc-768x512.jpg 768w, https:\/\/zmbusiness.com\/fr\/wp-content\/uploads\/2025\/01\/huge-distribution-warehouse-with-high-shelves-vie-2024-10-31-02-21-04-utc-1536x1024.jpg 1536w\" sizes=\"(max-width: 2000px) 100vw, 2000px\" \/>\t\t\t\t\t\t\t\t\t\t\t\t\t\t\t<\/div>\n\t\t\t\t<\/div>\n\t\t\t\t<\/div>\n\t\t<div class=\"elementor-element elementor-element-0374b6b e-con-full e-flex e-con e-child\" data-id=\"0374b6b\" data-element_type=\"container\" data-e-type=\"container\">\n\t\t\t\t<div class=\"elementor-element elementor-element-7a5ef76 elementor-widget elementor-widget-heading\" data-id=\"7a5ef76\" data-element_type=\"widget\" data-e-type=\"widget\" data-widget_type=\"heading.default\">\n\t\t\t\t<div class=\"elementor-widget-container\">\n\t\t\t\t\t<h3 class=\"elementor-heading-title elementor-size-default\">Entreposage<\/h3>\t\t\t\t<\/div>\n\t\t\t\t<\/div>\n\t\t\t\t<div class=\"elementor-element elementor-element-b0a008a elementor-widget elementor-widget-text-editor\" data-id=\"b0a008a\" data-element_type=\"widget\" data-e-type=\"widget\" data-widget_type=\"text-editor.default\">\n\t\t\t\t<div class=\"elementor-widget-container\">\n\t\t\t\t\t\t\t\t\t<p style=\"font-weight: 400;\">Vous recherchez une solution de stockage \u00e0 court ou \u00e0 long terme pour vos marchandises ? Notre service d&#8217;entreposage est disponible pour certaines cat\u00e9gories de marchandises. Contactez nos services pour \u00e9valuer avec nos agents l\u2019option qui vous convient.<\/p><p style=\"font-weight: 400;\"><strong>Le saviez-vous ?<\/strong> ZM Business Solutions fabrique elle-m\u00eame ses caisses. Si vous souhaitez stocker des marchandises fragiles, nous pouvons les prot\u00e9ger avant l&#8217;entreposage afin qu&#8217;elles soient pr\u00eates \u00e0 \u00eatre transport\u00e9es imm\u00e9diatement et en toute s\u00e9curit\u00e9 d\u00e8s que vous le souhaitez !<\/p>\t\t\t\t\t\t\t\t<\/div>\n\t\t\t\t<\/div>\n\t\t\t\t<\/div>\n\t\t\t\t\t<\/div>\n\t\t\t\t<\/div>\n\t\t<div class=\"elementor-element elementor-element-c5bbbf7 e-flex e-con-boxed e-con e-parent\" data-id=\"c5bbbf7\" data-element_type=\"container\" data-e-type=\"container\">\n\t\t\t\t\t<div class=\"e-con-inner\">\n\t\t<div class=\"elementor-element elementor-element-15e5366 e-con-full e-flex e-con e-child\" data-id=\"15e5366\" data-element_type=\"container\" data-e-type=\"container\">\n\t\t\t\t<div class=\"elementor-element elementor-element-af3b28f elementor-widget elementor-widget-heading\" data-id=\"af3b28f\" data-element_type=\"widget\" data-e-type=\"widget\" data-widget_type=\"heading.default\">\n\t\t\t\t<div class=\"elementor-widget-container\">\n\t\t\t\t\t<h3 class=\"elementor-heading-title elementor-size-default\">Approvisionnement<\/h3>\t\t\t\t<\/div>\n\t\t\t\t<\/div>\n\t\t\t\t<div class=\"elementor-element elementor-element-6e2696a elementor-widget elementor-widget-text-editor\" data-id=\"6e2696a\" data-element_type=\"widget\" data-e-type=\"widget\" data-widget_type=\"text-editor.default\">\n\t\t\t\t<div class=\"elementor-widget-container\">\n\t\t\t\t\t\t\t\t\t<p style=\"font-weight: 400;\">Vous cherchez \u00e0 acheter des marchandises en Afrique du Sud pour les exp\u00e9dier ailleurs,\u00a0? Vous ne savez pas par o\u00f9 commencer ni quelle est la meilleure solution ? Laissez-nous vous soulager. Nous nous occupons non seulement du transport de vos marchandises, mais aussi de leurs achats.<\/p><p style=\"font-weight: 400;\"><strong>Le saviez-vous ?<\/strong> Le sourcing et l&#8217;approvisionnement comptent parmi les vert\u00e8bres les plus importantes de la colonne vert\u00e9brale de la cha\u00eene d&#8217;approvisionnement (Supply Chain) et de la logistique. Il est tr\u00e8s important de savoir o\u00f9 chercher et trouver des mat\u00e9riaux pour un usage personnel ou commercial. Il s&#8217;agit ensuite d&#8217;acqu\u00e9rir les marchandises, ce qui permet de s&#8217;assurer que le pipeline est suivi jusqu&#8217;\u00e0 son terme. Une \u00e8tape ult\u00e8rieure est d\u2019\u00e9valuer \u00e0 posteriori l&#8217;exp\u00e9rience de l&#8217;acheteur avec le produit.<\/p>\t\t\t\t\t\t\t\t<\/div>\n\t\t\t\t<\/div>\n\t\t\t\t<\/div>\n\t\t<div class=\"elementor-element elementor-element-368cd75 e-con-full e-flex e-con e-child\" data-id=\"368cd75\" data-element_type=\"container\" data-e-type=\"container\">\n\t\t\t\t<div class=\"elementor-element elementor-element-2b3caa8 elementor-widget elementor-widget-image\" data-id=\"2b3caa8\" data-element_type=\"widget\" data-e-type=\"widget\" data-widget_type=\"image.default\">\n\t\t\t\t<div class=\"elementor-widget-container\">\n\t\t\t\t\t\t\t\t\t\t\t\t\t\t\t<img loading=\"lazy\" decoding=\"async\" width=\"1920\" height=\"1080\" src=\"https:\/\/zmbusiness.com\/fr\/wp-content\/uploads\/2025\/01\/Procurement-Our-SERVICES-Page-1.png\" class=\"attachment-full size-full wp-image-389\" alt=\"\" srcset=\"https:\/\/zmbusiness.com\/fr\/wp-content\/uploads\/2025\/01\/Procurement-Our-SERVICES-Page-1.png 1920w, https:\/\/zmbusiness.com\/fr\/wp-content\/uploads\/2025\/01\/Procurement-Our-SERVICES-Page-1-300x169.png 300w, https:\/\/zmbusiness.com\/fr\/wp-content\/uploads\/2025\/01\/Procurement-Our-SERVICES-Page-1-1024x576.png 1024w, https:\/\/zmbusiness.com\/fr\/wp-content\/uploads\/2025\/01\/Procurement-Our-SERVICES-Page-1-768x432.png 768w, https:\/\/zmbusiness.com\/fr\/wp-content\/uploads\/2025\/01\/Procurement-Our-SERVICES-Page-1-1536x864.png 1536w\" sizes=\"(max-width: 1920px) 100vw, 1920px\" \/>\t\t\t\t\t\t\t\t\t\t\t\t\t\t\t<\/div>\n\t\t\t\t<\/div>\n\t\t\t\t<\/div>\n\t\t\t\t\t<\/div>\n\t\t\t\t<\/div>\n\t\t\t\t<\/div>\n\t\t","protected":false},"excerpt":{"rendered":"<p>Nos Services LE VRAI SERVICE AVEC DE VRAIES SOLUTIONS\u00a0 Le service de logistique et de livraison le plus fiable Jetez un coup d&#8217;\u0153il \u00e0 nos diff\u00e9rents services et voyez comment nous pouvons vous aider, vous ou votre entreprise. Des diff\u00e9rentes solutions de transport de marchandises aux options d&#8217;entreposage et de stockage, nous avons tout ce [&hellip;]<\/p>\n","protected":false},"author":1,"featured_media":0,"parent":0,"menu_order":0,"comment_status":"closed","ping_status":"closed","template":"","meta":{"footnotes":""},"class_list":["post-372","page","type-page","status-publish","hentry"],"_links":{"self":[{"href":"https:\/\/zmbusiness.com\/fr\/wp-json\/wp\/v2\/pages\/372","targetHints":{"allow":["GET"]}}],"collection":[{"href":"https:\/\/zmbusiness.com\/fr\/wp-json\/wp\/v2\/pages"}],"about":[{"href":"https:\/\/zmbusiness.com\/fr\/wp-json\/wp\/v2\/types\/page"}],"author":[{"embeddable":true,"href":"https:\/\/zmbusiness.com\/fr\/wp-json\/wp\/v2\/users\/1"}],"replies":[{"embeddable":true,"href":"https:\/\/zmbusiness.com\/fr\/wp-json\/wp\/v2\/comments?post=372"}],"version-history":[{"count":35,"href":"https:\/\/zmbusiness.com\/fr\/wp-json\/wp\/v2\/pages\/372\/revisions"}],"predecessor-version":[{"id":670,"href":"https:\/\/zmbusiness.com\/fr\/wp-json\/wp\/v2\/pages\/372\/revisions\/670"}],"wp:attachment":[{"href":"https:\/\/zmbusiness.com\/fr\/wp-json\/wp\/v2\/media?parent=372"}],"curies":[{"name":"wp","href":"https:\/\/api.w.org\/{rel}","templated":true}]}}