{"id":306,"date":"2025-01-14T11:46:23","date_gmt":"2025-01-14T11:46:23","guid":{"rendered":"https:\/\/fr.zm.cmda.co.za\/?page_id=306"},"modified":"2025-02-10T14:32:29","modified_gmt":"2025-02-10T14:32:29","slug":"a-propos-de-nous","status":"publish","type":"page","link":"https:\/\/zmbusiness.com\/fr\/a-propos-de-nous\/","title":{"rendered":"\u00c0 Propos de Nous"},"content":{"rendered":"\t\t<div data-elementor-type=\"wp-page\" data-elementor-id=\"306\" class=\"elementor elementor-306\" data-elementor-post-type=\"page\">\n\t\t\t\t<div class=\"elementor-element elementor-element-13bca52 e-flex e-con-boxed e-con e-parent\" data-id=\"13bca52\" data-element_type=\"container\" data-e-type=\"container\" data-settings=\"{&quot;background_background&quot;:&quot;classic&quot;}\">\n\t\t\t\t\t<div class=\"e-con-inner\">\n\t\t<div class=\"elementor-element elementor-element-343d9e8 e-flex e-con-boxed e-con e-child\" data-id=\"343d9e8\" data-element_type=\"container\" data-e-type=\"container\">\n\t\t\t\t\t<div class=\"e-con-inner\">\n\t\t\t\t<div class=\"elementor-element elementor-element-09aac8f elementor-widget elementor-widget-heading\" data-id=\"09aac8f\" data-element_type=\"widget\" data-e-type=\"widget\" data-widget_type=\"heading.default\">\n\t\t\t\t<div class=\"elementor-widget-container\">\n\t\t\t\t\t<h1 class=\"elementor-heading-title elementor-size-default\">\u00c0 Propos De Nous <\/h1>\t\t\t\t<\/div>\n\t\t\t\t<\/div>\n\t\t\t\t\t<\/div>\n\t\t\t\t<\/div>\n\t\t\t\t\t<\/div>\n\t\t\t\t<\/div>\n\t\t<div class=\"elementor-element elementor-element-2697e97 e-con-full e-flex e-con e-parent\" data-id=\"2697e97\" data-element_type=\"container\" data-e-type=\"container\" data-settings=\"{&quot;background_background&quot;:&quot;classic&quot;}\">\n\t\t\t\t<div class=\"elementor-element elementor-element-41658e5 elementor-widget elementor-widget-spacer\" data-id=\"41658e5\" data-element_type=\"widget\" data-e-type=\"widget\" data-widget_type=\"spacer.default\">\n\t\t\t\t<div class=\"elementor-widget-container\">\n\t\t\t\t\t\t\t<div class=\"elementor-spacer\">\n\t\t\t<div class=\"elementor-spacer-inner\"><\/div>\n\t\t<\/div>\n\t\t\t\t\t\t<\/div>\n\t\t\t\t<\/div>\n\t\t\t\t<\/div>\n\t\t<div class=\"elementor-element elementor-element-f58bf05 e-flex e-con-boxed e-con e-parent\" data-id=\"f58bf05\" data-element_type=\"container\" data-e-type=\"container\">\n\t\t\t\t\t<div class=\"e-con-inner\">\n\t\t<div class=\"elementor-element elementor-element-c1f2484 e-con-full e-flex e-con e-child\" data-id=\"c1f2484\" data-element_type=\"container\" data-e-type=\"container\">\n\t\t\t\t<div class=\"elementor-element elementor-element-8b3ff78 elementor-widget elementor-widget-heading\" data-id=\"8b3ff78\" data-element_type=\"widget\" data-e-type=\"widget\" data-widget_type=\"heading.default\">\n\t\t\t\t<div class=\"elementor-widget-container\">\n\t\t\t\t\t<h3 class=\"elementor-heading-title elementor-size-default\">Qui Nous Sommes<\/h3>\t\t\t\t<\/div>\n\t\t\t\t<\/div>\n\t\t\t\t<div class=\"elementor-element elementor-element-e223169 elementor-widget elementor-widget-text-editor\" data-id=\"e223169\" data-element_type=\"widget\" data-e-type=\"widget\" data-widget_type=\"text-editor.default\">\n\t\t\t\t<div class=\"elementor-widget-container\">\n\t\t\t\t\t\t\t\t\t<p class=\"wow\"><img fetchpriority=\"high\" decoding=\"async\" class=\"alignright wp-image-177 \" src=\"https:\/\/zmbusiness.com\/fr\/wp-content\/uploads\/2025\/01\/Final_Home_Page1.jpg\" alt=\"\" width=\"320\" height=\"299\" \/><\/p><p style=\"font-weight: 400;\">ZM Business Solutions a \u00e9t\u00e9 cr\u00e9\u00e9e en 2002. Fond\u00e9e par son directeur actuel, M. Zamoy Dawa Mozagba, cette soci\u00e9t\u00e9 est pass\u00e9e d&#8217;une simple agence de fret \u00e0 un transitaire bien \u00e9tabli entre la R\u00e9publique D\u00e9mocratique du Congo (RDC) et la R\u00e9publique d&#8217;Afrique du Sud.<\/p><p style=\"font-weight: 400;\">Ayant constat\u00e9 un manque de services de fret ad\u00e9quats entre son pays d&#8217;origine, la RDC, et son pays de r\u00e9sidence (l&#8217;Afrique du Sud), M. Mozagba s&#8217;est lanc\u00e9 dans ce secteur pour y ajouter le professionnalisme et la qualit\u00e9 de service qui faisaient d\u00e9faut dans l&#8217;espace de transport transfrontalier.<\/p><p style=\"font-weight: 400;\">C&#8217;est ainsi qu&#8217;est n\u00e9e cette agence phare de transport de marchandises entre la RDC et l&#8217;Afrique du Sud. Plus de 20 ans apr\u00e8s sa cr\u00e9ation, Z M Business Solutions continue de fournir un service d&#8217;excellente qualit\u00e9, \u00e0 la hauteur de son estimable client\u00e8le.<\/p><p style=\"font-weight: 400;\">Aujourd&#8217;hui, Z M Business Solutions est pr\u00e9sente dans plusieurs grandes villes commerciales de ces deux pays, avec une flotte de v\u00e9hicules et une \u00e9quipe d&#8217;employ\u00e9s pr\u00eats \u00e0 rendre le meilleur des services. Z M Business Solutions ouvrira tr\u00e8s bient\u00f4t ses portes \u00e0 d&#8217;autres destinations.<\/p>\t\t\t\t\t\t\t\t<\/div>\n\t\t\t\t<\/div>\n\t\t\t\t<\/div>\n\t\t\t\t\t<\/div>\n\t\t\t\t<\/div>\n\t\t<div class=\"elementor-element elementor-element-537b445 e-flex e-con-boxed e-con e-parent\" data-id=\"537b445\" data-element_type=\"container\" data-e-type=\"container\">\n\t\t\t\t\t<div class=\"e-con-inner\">\n\t\t<div class=\"elementor-element elementor-element-bc0eb5a e-flex e-con-boxed e-con e-child\" data-id=\"bc0eb5a\" data-element_type=\"container\" data-e-type=\"container\">\n\t\t\t\t\t<div class=\"e-con-inner\">\n\t\t\t\t<div class=\"elementor-element elementor-element-b99f87d elementor-widget elementor-widget-heading\" data-id=\"b99f87d\" data-element_type=\"widget\" data-e-type=\"widget\" data-widget_type=\"heading.default\">\n\t\t\t\t<div class=\"elementor-widget-container\">\n\t\t\t\t\t<h3 class=\"elementor-heading-title elementor-size-default\">Mission Et Objectifs<\/h3>\t\t\t\t<\/div>\n\t\t\t\t<\/div>\n\t\t\t\t<div class=\"elementor-element elementor-element-c5ffcdc elementor-widget elementor-widget-text-editor\" data-id=\"c5ffcdc\" data-element_type=\"widget\" data-e-type=\"widget\" data-widget_type=\"text-editor.default\">\n\t\t\t\t<div class=\"elementor-widget-container\">\n\t\t\t\t\t\t\t\t\t<p style=\"font-weight: 400;\">Notre mission et notre motivation premi\u00e8res sont de fournir \u00e0 nos clients un service de qualit\u00e9 sup\u00e9rieure, en assurant la collecte et la livraison rapides de leurs marchandises dans les plus brefs d\u00e9lais et aux tarifs les plus comp\u00e9titifs.<\/p><p style=\"font-weight: 400;\">Actuellement, nos march\u00e9s sont exclusivement africains, partag\u00e9s entre la RDC et l&#8217;Afrique du Sud. Notre expertise et notre connaissance approfondie des rouages de l&#8217;industrie du transport entre ces deux pays nous permettent de servir rapidement et efficacement nos clients, de pr\u00e9voir tout changement sur les march\u00e9s respectifs et d&#8217;agir de mani\u00e8re d\u00e9cisive, tout en maintenant un excellent service \u00e0 notre client\u00e8le.<\/p><p style=\"font-weight: 400;\">Nos objectifs imm\u00e9diats sont de poursuivre notre expansion dans la r\u00e9gion de la SADC et, \u00e0 plus long terme, d&#8217;aller bien au-del\u00e0, dans le reste de l&#8217;Afrique et du\u00a0globe.<\/p>\t\t\t\t\t\t\t\t<\/div>\n\t\t\t\t<\/div>\n\t\t\t\t\t<\/div>\n\t\t\t\t<\/div>\n\t\t\t\t\t<\/div>\n\t\t\t\t<\/div>\n\t\t<div class=\"elementor-element elementor-element-30702e7 e-flex e-con-boxed e-con e-parent\" data-id=\"30702e7\" data-element_type=\"container\" data-e-type=\"container\">\n\t\t\t\t\t<div class=\"e-con-inner\">\n\t\t\t\t<div class=\"elementor-element elementor-element-039f7ba elementor-widget elementor-widget-heading\" data-id=\"039f7ba\" data-element_type=\"widget\" data-e-type=\"widget\" data-widget_type=\"heading.default\">\n\t\t\t\t<div class=\"elementor-widget-container\">\n\t\t\t\t\t<h3 class=\"elementor-heading-title elementor-size-default\">Galerie<\/h3>\t\t\t\t<\/div>\n\t\t\t\t<\/div>\n\t\t\t\t<div class=\"elementor-element elementor-element-a268121 elementor-arrows-position-outside elementor-widget elementor-widget-image-carousel\" data-id=\"a268121\" data-element_type=\"widget\" data-e-type=\"widget\" data-settings=\"{&quot;slides_to_show&quot;:&quot;4&quot;,&quot;slides_to_scroll&quot;:&quot;1&quot;,&quot;navigation&quot;:&quot;arrows&quot;,&quot;image_spacing_custom&quot;:{&quot;unit&quot;:&quot;px&quot;,&quot;size&quot;:10,&quot;sizes&quot;:[]},&quot;autoplay&quot;:&quot;yes&quot;,&quot;pause_on_hover&quot;:&quot;yes&quot;,&quot;pause_on_interaction&quot;:&quot;yes&quot;,&quot;autoplay_speed&quot;:5000,&quot;infinite&quot;:&quot;yes&quot;,&quot;speed&quot;:500,&quot;image_spacing_custom_tablet&quot;:{&quot;unit&quot;:&quot;px&quot;,&quot;size&quot;:&quot;&quot;,&quot;sizes&quot;:[]},&quot;image_spacing_custom_mobile&quot;:{&quot;unit&quot;:&quot;px&quot;,&quot;size&quot;:&quot;&quot;,&quot;sizes&quot;:[]}}\" data-widget_type=\"image-carousel.default\">\n\t\t\t\t<div class=\"elementor-widget-container\">\n\t\t\t\t\t\t\t<div class=\"elementor-image-carousel-wrapper swiper\" role=\"region\" aria-roledescription=\"carousel\" aria-label=\"Image Carousel\" dir=\"ltr\">\n\t\t\t<div class=\"elementor-image-carousel swiper-wrapper\" aria-live=\"off\">\n\t\t\t\t\t\t\t\t<div class=\"swiper-slide\" role=\"group\" aria-roledescription=\"slide\" aria-label=\"1 of 7\"><figure class=\"swiper-slide-inner\"><img decoding=\"async\" class=\"swiper-slide-image\" src=\"https:\/\/zmbusiness.com\/fr\/wp-content\/uploads\/elementor\/thumbs\/container-cargo-ship-at-commercial-terminal-seapor-2025-01-08-07-22-50-utc-2-qzydss94o6cngmif3wxdv5uslbeohevvljd5pcka0o.jpg\" alt=\"Container cargo ship at commercial terminal seaport, Global business logistic import export transportation worldwide freight shipping by container cargo ship, Container cargo ship loading and unloading.\" \/><\/figure><\/div><div class=\"swiper-slide\" role=\"group\" aria-roledescription=\"slide\" aria-label=\"2 of 7\"><figure class=\"swiper-slide-inner\"><img decoding=\"async\" class=\"swiper-slide-image\" src=\"https:\/\/zmbusiness.com\/fr\/wp-content\/uploads\/elementor\/thumbs\/loading-to-the-aircraft-2023-11-27-05-33-52-utc-scaled-qzya89ri9mfc3x6njd3nylc0qsu236p19gd9lf40qg.jpg\" alt=\"Busy day at the airport. Preparation of the airplane before flight.\" \/><\/figure><\/div><div class=\"swiper-slide\" role=\"group\" aria-roledescription=\"slide\" aria-label=\"3 of 7\"><figure class=\"swiper-slide-inner\"><img decoding=\"async\" class=\"swiper-slide-image\" src=\"https:\/\/zmbusiness.com\/fr\/wp-content\/uploads\/elementor\/thumbs\/containers-2023-11-27-05-20-56-utc-scaled-qzyaq8ggvn0lzn3an4mzm255fwal6y0d2d7brsh5tk.jpg\" alt=\"Logistics and transportation of International Container Cargo ship and cargo plane in the ocean at twilight sky, Freight Transportation, Shipping\" \/><\/figure><\/div><div class=\"swiper-slide\" role=\"group\" aria-roledescription=\"slide\" aria-label=\"4 of 7\"><figure class=\"swiper-slide-inner\"><img decoding=\"async\" class=\"swiper-slide-image\" src=\"https:\/\/zmbusiness.com\/fr\/wp-content\/uploads\/elementor\/thumbs\/foreman-worker-or-engineer-are-working-about-logis-2023-11-27-05-20-08-utc-scaled-qzyaqjqj5ng1uymwt9iifzaokiqzrb953x15j40fqw.jpg\" alt=\"foreman worker or engineer are working about logistic industrial transport shipping container\" \/><\/figure><\/div><div class=\"swiper-slide\" role=\"group\" aria-roledescription=\"slide\" aria-label=\"5 of 7\"><figure class=\"swiper-slide-inner\"><img decoding=\"async\" class=\"swiper-slide-image\" src=\"https:\/\/zmbusiness.com\/fr\/wp-content\/uploads\/elementor\/thumbs\/Kinshasa-OUR-Branches-Pic--qzy9v09hts9oa0g8zmp6rxtuz27lgy1e3sylsus0jc.png\" alt=\"Kinshasa OUR Branches Pic\" \/><\/figure><\/div><div class=\"swiper-slide\" role=\"group\" aria-roledescription=\"slide\" aria-label=\"6 of 7\"><figure class=\"swiper-slide-inner\"><img decoding=\"async\" class=\"swiper-slide-image\" src=\"https:\/\/zmbusiness.com\/fr\/wp-content\/uploads\/elementor\/thumbs\/JHB-Jet-Park-Branch-picture-qzy9usqsb3zdp4r67jg67zq67z8nrd7jerqpyn35x4.png\" alt=\"JHB Jet Park Branch picture\" \/><\/figure><\/div><div class=\"swiper-slide\" role=\"group\" aria-roledescription=\"slide\" aria-label=\"7 of 7\"><figure class=\"swiper-slide-inner\"><img decoding=\"async\" class=\"swiper-slide-image\" src=\"https:\/\/zmbusiness.com\/fr\/wp-content\/uploads\/elementor\/thumbs\/JHB-Yeoville-Address-Picture-qzy9v09hts9oa0g8zmp6rxtuz27lgy1e3sylsus0jc.jpeg\" alt=\"Johannesburg, South Africa - November 13, 2014: rush hour and traffic jam with everyday life people on Von Wiellig Street at the crossroad with Comminsioner St in the crowded and modern multiracial metropolis of South Africa.\" \/><\/figure><\/div>\t\t\t<\/div>\n\t\t\t\t\t\t\t\t\t\t\t\t<div class=\"elementor-swiper-button elementor-swiper-button-prev\" role=\"button\" tabindex=\"0\">\n\t\t\t\t\t\t<svg aria-hidden=\"true\" class=\"e-font-icon-svg e-eicon-chevron-left\" viewBox=\"0 0 1000 1000\" xmlns=\"http:\/\/www.w3.org\/2000\/svg\"><path d=\"M646 125C629 125 613 133 604 142L308 442C296 454 292 471 292 487 292 504 296 521 308 533L604 854C617 867 629 875 646 875 663 875 679 871 692 858 704 846 713 829 713 812 713 796 708 779 692 767L438 487 692 225C700 217 708 204 708 187 708 171 704 154 692 142 675 129 663 125 646 125Z\"><\/path><\/svg>\t\t\t\t\t<\/div>\n\t\t\t\t\t<div class=\"elementor-swiper-button elementor-swiper-button-next\" role=\"button\" tabindex=\"0\">\n\t\t\t\t\t\t<svg aria-hidden=\"true\" class=\"e-font-icon-svg e-eicon-chevron-right\" viewBox=\"0 0 1000 1000\" xmlns=\"http:\/\/www.w3.org\/2000\/svg\"><path d=\"M696 533C708 521 713 504 713 487 713 471 708 454 696 446L400 146C388 133 375 125 354 125 338 125 325 129 313 142 300 154 292 171 292 187 292 204 296 221 308 233L563 492 304 771C292 783 288 800 288 817 288 833 296 850 308 863 321 871 338 875 354 875 371 875 388 867 400 854L696 533Z\"><\/path><\/svg>\t\t\t\t\t<\/div>\n\t\t\t\t\n\t\t\t\t\t\t\t\t\t<\/div>\n\t\t\t\t\t\t<\/div>\n\t\t\t\t<\/div>\n\t\t\t\t\t<\/div>\n\t\t\t\t<\/div>\n\t\t\t\t<\/div>\n\t\t","protected":false},"excerpt":{"rendered":"<p>\u00c0 Propos De Nous Qui Nous Sommes ZM Business Solutions a \u00e9t\u00e9 cr\u00e9\u00e9e en 2002. Fond\u00e9e par son directeur actuel, M. Zamoy Dawa Mozagba, cette soci\u00e9t\u00e9 est pass\u00e9e d&#8217;une simple agence de fret \u00e0 un transitaire bien \u00e9tabli entre la R\u00e9publique D\u00e9mocratique du Congo (RDC) et la R\u00e9publique d&#8217;Afrique du Sud. Ayant constat\u00e9 un manque [&hellip;]<\/p>\n","protected":false},"author":1,"featured_media":0,"parent":0,"menu_order":0,"comment_status":"closed","ping_status":"closed","template":"","meta":{"footnotes":""},"class_list":["post-306","page","type-page","status-publish","hentry"],"_links":{"self":[{"href":"https:\/\/zmbusiness.com\/fr\/wp-json\/wp\/v2\/pages\/306","targetHints":{"allow":["GET"]}}],"collection":[{"href":"https:\/\/zmbusiness.com\/fr\/wp-json\/wp\/v2\/pages"}],"about":[{"href":"https:\/\/zmbusiness.com\/fr\/wp-json\/wp\/v2\/types\/page"}],"author":[{"embeddable":true,"href":"https:\/\/zmbusiness.com\/fr\/wp-json\/wp\/v2\/users\/1"}],"replies":[{"embeddable":true,"href":"https:\/\/zmbusiness.com\/fr\/wp-json\/wp\/v2\/comments?post=306"}],"version-history":[{"count":35,"href":"https:\/\/zmbusiness.com\/fr\/wp-json\/wp\/v2\/pages\/306\/revisions"}],"predecessor-version":[{"id":667,"href":"https:\/\/zmbusiness.com\/fr\/wp-json\/wp\/v2\/pages\/306\/revisions\/667"}],"wp:attachment":[{"href":"https:\/\/zmbusiness.com\/fr\/wp-json\/wp\/v2\/media?parent=306"}],"curies":[{"name":"wp","href":"https:\/\/api.w.org\/{rel}","templated":true}]}}